{"id":18921,"date":"2024-12-14T02:52:11","date_gmt":"2024-12-13T18:52:11","guid":{"rendered":"https:\/\/dccedebike.yhzml.com\/?page_id=18921"},"modified":"2026-04-02T11:56:40","modified_gmt":"2026-04-02T03:56:40","slug":"customize","status":"publish","type":"page","link":"https:\/\/dcpowerebikes.com\/fr\/customize\/","title":{"rendered":"Personnaliser"},"content":{"rendered":"<div data-elementor-type=\"wp-page\" data-elementor-id=\"18921\" class=\"elementor elementor-18921\" data-elementor-post-type=\"page\">\n\t\t\t\t<div class=\"elementor-element elementor-element-74db2b1 e-flex e-con-boxed e-con e-parent\" data-id=\"74db2b1\" data-element_type=\"container\" data-e-type=\"container\" data-settings=\"{&quot;background_background&quot;:&quot;classic&quot;}\">\n\t\t\t\t\t<div class=\"e-con-inner\">\n\t\t\t\t<div class=\"elementor-element elementor-element-4eb24c9 elementor-widget elementor-widget-heading\" data-id=\"4eb24c9\" data-element_type=\"widget\" data-e-type=\"widget\" data-widget_type=\"heading.default\">\n\t\t\t\t<div class=\"elementor-widget-container\">\n\t\t\t\t\t<h2 class=\"elementor-heading-title elementor-size-default\">Personnaliser vos v\u00e9los \u00e9lectriques<\/h2>\t\t\t\t<\/div>\n\t\t\t\t<\/div>\n\t\t\t\t<div class=\"elementor-element elementor-element-f63eb69 elementor-widget elementor-widget-text-editor\" data-id=\"f63eb69\" data-element_type=\"widget\" data-e-type=\"widget\" data-widget_type=\"text-editor.default\">\n\t\t\t\t<div class=\"elementor-widget-container\">\n\t\t\t\t\t\t\t\t\t<p>Les v\u00e9los \u00e9lectriques font fureur dans le monde entier. Il n'a jamais \u00e9t\u00e9 aussi simple de permettre \u00e0 tous, quel que soit leur \u00e2ge ou leur condition physique, de profiter du v\u00e9lo. Dcced propose des services personnalis\u00e9s pour v\u00e9los \u00e9lectriques, avec un large choix de mod\u00e8les. Trouvez les meilleurs v\u00e9los \u00e9lectriques sur mesure, con\u00e7us sp\u00e9cialement pour vous, chez Dcced\u00a0!<\/p>\t\t\t\t\t\t\t\t<\/div>\n\t\t\t\t<\/div>\n\t\t\t\t<div class=\"elementor-element elementor-element-3d7c666 elementor-widget elementor-widget-button\" data-id=\"3d7c666\" data-element_type=\"widget\" data-e-type=\"widget\" data-widget_type=\"button.default\">\n\t\t\t\t<div class=\"elementor-widget-container\">\n\t\t\t\t\t\t\t\t\t<div class=\"elementor-button-wrapper\">\n\t\t\t\t\t<a class=\"elementor-button elementor-button-link elementor-size-sm\" href=\"#elementor-action%3Aaction%3Dpopup%3Aopen%26settings%3DeyJpZCI6IjU1OTIiLCJ0b2dnbGUiOmZhbHNlfQ%3D%3D\">\n\t\t\t\t\t\t<span class=\"elementor-button-content-wrapper\">\n\t\t\t\t\t\t\t\t\t<span class=\"elementor-button-text\">Personnaliser maintenant<\/span>\n\t\t\t\t\t<\/span>\n\t\t\t\t\t<\/a>\n\t\t\t\t<\/div>\n\t\t\t\t\t\t\t\t<\/div>\n\t\t\t\t<\/div>\n\t\t\t\t\t<\/div>\n\t\t\t\t<\/div>\n\t\t<div class=\"elementor-element elementor-element-4702ece e-flex e-con-boxed e-con e-parent\" data-id=\"4702ece\" data-element_type=\"container\" data-e-type=\"container\">\n\t\t\t\t\t<div class=\"e-con-inner\">\n\t\t<div class=\"elementor-element elementor-element-15be88a e-con-full e-flex e-con e-child\" data-id=\"15be88a\" data-element_type=\"container\" data-e-type=\"container\">\n\t\t\t\t<div class=\"elementor-element elementor-element-aa71e46 elementor-widget elementor-widget-image\" data-id=\"aa71e46\" data-element_type=\"widget\" data-e-type=\"widget\" data-widget_type=\"image.default\">\n\t\t\t\t<div class=\"elementor-widget-container\">\n\t\t\t\t\t\t\t\t\t\t\t\t\t\t\t<img fetchpriority=\"high\" decoding=\"async\" width=\"900\" height=\"500\" src=\"https:\/\/dcpowerebikes.com\/wp-content\/uploads\/2024\/12\/part2.jpg\" class=\"attachment-large size-large wp-image-19238\" alt=\"\" srcset=\"https:\/\/dcpowerebikes.com\/wp-content\/uploads\/2024\/12\/part2.jpg 900w, https:\/\/dcpowerebikes.com\/wp-content\/uploads\/2024\/12\/part2-300x167.jpg 300w, https:\/\/dcpowerebikes.com\/wp-content\/uploads\/2024\/12\/part2-768x427.jpg 768w\" sizes=\"(max-width: 900px) 100vw, 900px\" \/>\t\t\t\t\t\t\t\t\t\t\t\t\t\t\t<\/div>\n\t\t\t\t<\/div>\n\t\t\t\t<\/div>\n\t\t<div class=\"elementor-element elementor-element-5be0921 e-con-full e-flex e-con e-child\" data-id=\"5be0921\" data-element_type=\"container\" data-e-type=\"container\">\n\t\t\t\t<div class=\"elementor-element elementor-element-f911230 elementor-widget elementor-widget-heading\" data-id=\"f911230\" data-element_type=\"widget\" data-e-type=\"widget\" data-widget_type=\"heading.default\">\n\t\t\t\t<div class=\"elementor-widget-container\">\n\t\t\t\t\t<h2 class=\"elementor-heading-title elementor-size-default\">Personnalisez votre trajet quotidien<\/h2>\t\t\t\t<\/div>\n\t\t\t\t<\/div>\n\t\t\t\t<div class=\"elementor-element elementor-element-1b0f25f elementor-widget elementor-widget-text-editor\" data-id=\"1b0f25f\" data-element_type=\"widget\" data-e-type=\"widget\" data-widget_type=\"text-editor.default\">\n\t\t\t\t<div class=\"elementor-widget-container\">\n\t\t\t\t\t\t\t\t\t<p>Bienvenue dans la collection de v\u00e9los \u00e9lectriques personnalis\u00e9s de Dcced. Pr\u00eat \u00e0 passer au niveau sup\u00e9rieur\u00a0? Chez Dcced, nous sommes fiers de proposer une s\u00e9lection unique et diversifi\u00e9e de v\u00e9los \u00e9lectriques personnalis\u00e9s qui r\u00e9pondent \u00e0 tous vos besoins. Que vous soyez un cycliste chevronn\u00e9 ou un novice dans le monde du v\u00e9lo \u00e9lectrique, nos v\u00e9los \u00e9lectriques personnalis\u00e9s sont con\u00e7us pour offrir des performances, un style et un confort in\u00e9gal\u00e9s.<\/p>\t\t\t\t\t\t\t\t<\/div>\n\t\t\t\t<\/div>\n\t\t\t\t<\/div>\n\t\t\t\t\t<\/div>\n\t\t\t\t<\/div>\n\t\t<div class=\"elementor-element elementor-element-4470077 e-flex e-con-boxed e-con e-parent\" data-id=\"4470077\" data-element_type=\"container\" data-e-type=\"container\">\n\t\t\t\t\t<div class=\"e-con-inner\">\n\t\t<div class=\"elementor-element elementor-element-ba510f3 e-con-full e-flex e-con e-child\" data-id=\"ba510f3\" data-element_type=\"container\" data-e-type=\"container\">\n\t\t\t\t<div class=\"elementor-element elementor-element-23a27a4 elementor-widget elementor-widget-heading\" data-id=\"23a27a4\" data-element_type=\"widget\" data-e-type=\"widget\" data-widget_type=\"heading.default\">\n\t\t\t\t<div class=\"elementor-widget-container\">\n\t\t\t\t\t<h2 class=\"elementor-heading-title elementor-size-default\">Service personnalis\u00e9 de v\u00e9los \u00e9lectriques Dcced<\/h2>\t\t\t\t<\/div>\n\t\t\t\t<\/div>\n\t\t\t\t<div class=\"elementor-element elementor-element-c846fc9 elementor-widget elementor-widget-text-editor\" data-id=\"c846fc9\" data-element_type=\"widget\" data-e-type=\"widget\" data-widget_type=\"text-editor.default\">\n\t\t\t\t<div class=\"elementor-widget-container\">\n\t\t\t\t\t\t\t\t\t<ul><li>La capacit\u00e9 de la batterie peut \u00eatre personnalis\u00e9e avec diff\u00e9rentes cellules.<\/li><li>La puissance du moteur peut \u00eatre personnalis\u00e9e en fonction des exigences de s\u00e9curit\u00e9, d'endurance et de puissance.<\/li><li>L'affichage peut \u00eatre personnalis\u00e9 avec des modes LED, LCD et color\u00e9s.<\/li><li>Les pneus peuvent \u00eatre personnalis\u00e9s avec diff\u00e9rentes marques, largeurs et couleurs.<\/li><li>La selle, la p\u00e9dale et la poign\u00e9e peuvent \u00eatre personnalis\u00e9es avec diff\u00e9rents types, marques et couleurs.<\/li><li>Le phare peut \u00eatre personnalis\u00e9 avec la puissance d'\u00e9clairage et le style.<\/li><li>Pour tout ce que vous souhaitez personnaliser, n'h\u00e9sitez pas \u00e0 nous contacter.<\/li><\/ul>\t\t\t\t\t\t\t\t<\/div>\n\t\t\t\t<\/div>\n\t\t\t\t<\/div>\n\t\t<div class=\"elementor-element elementor-element-937bd0d e-con-full e-flex e-con e-child\" data-id=\"937bd0d\" data-element_type=\"container\" data-e-type=\"container\">\n\t\t\t\t<div class=\"elementor-element elementor-element-aed90c1 elementor-widget elementor-widget-image\" data-id=\"aed90c1\" data-element_type=\"widget\" data-e-type=\"widget\" data-widget_type=\"image.default\">\n\t\t\t\t<div class=\"elementor-widget-container\">\n\t\t\t\t\t\t\t\t\t\t\t\t\t\t\t<img decoding=\"async\" width=\"767\" height=\"327\" src=\"https:\/\/dcpowerebikes.com\/wp-content\/uploads\/2024\/12\/part3.png\" class=\"attachment-large size-large wp-image-20782\" alt=\"\" srcset=\"https:\/\/dcpowerebikes.com\/wp-content\/uploads\/2024\/12\/part3.png 767w, https:\/\/dcpowerebikes.com\/wp-content\/uploads\/2024\/12\/part3-300x128.png 300w\" sizes=\"(max-width: 767px) 100vw, 767px\" \/>\t\t\t\t\t\t\t\t\t\t\t\t\t\t\t<\/div>\n\t\t\t\t<\/div>\n\t\t\t\t<\/div>\n\t\t\t\t\t<\/div>\n\t\t\t\t<\/div>\n\t\t<div class=\"elementor-element elementor-element-a5c4f55 e-flex e-con-boxed e-con e-parent\" data-id=\"a5c4f55\" data-element_type=\"container\" data-e-type=\"container\">\n\t\t\t\t\t<div class=\"e-con-inner\">\n\t\t<div class=\"elementor-element elementor-element-17142bf e-con-full e-flex e-con e-child\" data-id=\"17142bf\" data-element_type=\"container\" data-e-type=\"container\">\n\t\t<div class=\"elementor-element elementor-element-f7bcadb e-con-full e-flex e-con e-child\" data-id=\"f7bcadb\" data-element_type=\"container\" data-e-type=\"container\">\n\t\t\t\t<div class=\"elementor-element elementor-element-95c0688 elementor-position-left elementor-vertical-align-top elementor-widget elementor-widget-image-box\" data-id=\"95c0688\" data-element_type=\"widget\" data-e-type=\"widget\" data-widget_type=\"image-box.default\">\n\t\t\t\t<div class=\"elementor-widget-container\">\n\t\t\t\t\t<div class=\"elementor-image-box-wrapper\"><figure class=\"elementor-image-box-img\"><img decoding=\"async\" width=\"35\" height=\"35\" src=\"https:\/\/dcpowerebikes.com\/wp-content\/uploads\/2024\/12\/Quality.png\" class=\"attachment-full size-full wp-image-20786\" alt=\"\" \/><\/figure><div class=\"elementor-image-box-content\"><h3 class=\"elementor-image-box-title\">Qualit\u00e9<\/h3><p class=\"elementor-image-box-description\">Syst\u00e8me de gestion de la qualit\u00e9 complet et professionnel.<\/p><\/div><\/div>\t\t\t\t<\/div>\n\t\t\t\t<\/div>\n\t\t\t\t<\/div>\n\t\t<div class=\"elementor-element elementor-element-d1a2807 e-con-full e-flex e-con e-child\" data-id=\"d1a2807\" data-element_type=\"container\" data-e-type=\"container\">\n\t\t\t\t<div class=\"elementor-element elementor-element-f1bec8f elementor-position-left elementor-vertical-align-top elementor-widget elementor-widget-image-box\" data-id=\"f1bec8f\" data-element_type=\"widget\" data-e-type=\"widget\" data-widget_type=\"image-box.default\">\n\t\t\t\t<div class=\"elementor-widget-container\">\n\t\t\t\t\t<div class=\"elementor-image-box-wrapper\"><figure class=\"elementor-image-box-img\"><img loading=\"lazy\" decoding=\"async\" width=\"35\" height=\"35\" src=\"https:\/\/dcpowerebikes.com\/wp-content\/uploads\/2024\/12\/Service.png\" class=\"attachment-full size-full wp-image-20788\" alt=\"\" \/><\/figure><div class=\"elementor-image-box-content\"><h3 class=\"elementor-image-box-title\">Service<\/h3><p class=\"elementor-image-box-description\">Terminez le traitement, la fabrication et l\u2019exp\u00e9dition du produit le plus rapidement possible.<\/p><\/div><\/div>\t\t\t\t<\/div>\n\t\t\t\t<\/div>\n\t\t\t\t<\/div>\n\t\t<div class=\"elementor-element elementor-element-78daef3 e-con-full e-flex e-con e-child\" data-id=\"78daef3\" data-element_type=\"container\" data-e-type=\"container\">\n\t\t\t\t<div class=\"elementor-element elementor-element-1db206a elementor-position-left elementor-vertical-align-top elementor-widget elementor-widget-image-box\" data-id=\"1db206a\" data-element_type=\"widget\" data-e-type=\"widget\" data-widget_type=\"image-box.default\">\n\t\t\t\t<div class=\"elementor-widget-container\">\n\t\t\t\t\t<div class=\"elementor-image-box-wrapper\"><figure class=\"elementor-image-box-img\"><img loading=\"lazy\" decoding=\"async\" width=\"35\" height=\"35\" src=\"https:\/\/dcpowerebikes.com\/wp-content\/uploads\/2024\/12\/Price.png\" class=\"attachment-full size-full wp-image-20787\" alt=\"\" \/><\/figure><div class=\"elementor-image-box-content\"><h3 class=\"elementor-image-box-title\"> Prix<\/h3><p class=\"elementor-image-box-description\">Des prix plus avantageux que ceux de ses pairs.<\/p><\/div><\/div>\t\t\t\t<\/div>\n\t\t\t\t<\/div>\n\t\t\t\t<\/div>\n\t\t\t\t<\/div>\n\t\t<div class=\"elementor-element elementor-element-76adb78 e-con-full e-flex e-con e-child\" data-id=\"76adb78\" data-element_type=\"container\" data-e-type=\"container\">\n\t\t\t\t<div class=\"elementor-element elementor-element-72e771d elementor-widget elementor-widget-heading\" data-id=\"72e771d\" data-element_type=\"widget\" data-e-type=\"widget\" data-widget_type=\"heading.default\">\n\t\t\t\t<div class=\"elementor-widget-container\">\n\t\t\t\t\t<h2 class=\"elementor-heading-title elementor-size-default\">Nos avantages<\/h2>\t\t\t\t<\/div>\n\t\t\t\t<\/div>\n\t\t\t\t<div class=\"elementor-element elementor-element-77aec31 elementor-widget elementor-widget-text-editor\" data-id=\"77aec31\" data-element_type=\"widget\" data-e-type=\"widget\" data-widget_type=\"text-editor.default\">\n\t\t\t\t<div class=\"elementor-widget-container\">\n\t\t\t\t\t\t\t\t\t<p>Dcced ebikes adh\u00e8re \u00e0 la philosophie d'entreprise \u00ab\u00a0Qualit\u00e9 et service irr\u00e9prochables\u00a0\u00bb, proposant un service personnalis\u00e9 et des \u00e9chantillons pour les tests. Nos produits sont certifi\u00e9s UL et CE. Nous disposons des derni\u00e8res nouveaut\u00e9s et des produits les plus r\u00e9cents du march\u00e9. Nous pouvons vous recommander le v\u00e9lo \u00e9lectrique adapt\u00e9 \u00e0 vos besoins.<\/p>\t\t\t\t\t\t\t\t<\/div>\n\t\t\t\t<\/div>\n\t\t\t\t<\/div>\n\t\t\t\t\t<\/div>\n\t\t\t\t<\/div>\n\t\t<div class=\"elementor-element elementor-element-232d6e1 e-flex e-con-boxed e-con e-parent\" data-id=\"232d6e1\" data-element_type=\"container\" data-e-type=\"container\" data-settings=\"{&quot;background_background&quot;:&quot;classic&quot;}\">\n\t\t\t\t\t<div class=\"e-con-inner\">\n\t\t\t\t<div class=\"elementor-element elementor-element-a79bf51 elementor-widget elementor-widget-heading\" data-id=\"a79bf51\" data-element_type=\"widget\" data-e-type=\"widget\" data-widget_type=\"heading.default\">\n\t\t\t\t<div class=\"elementor-widget-container\">\n\t\t\t\t\t<h3 class=\"elementor-heading-title elementor-size-default\">Bienvenue pour nous envoyer votre demande et faisons ensemble une affaire gagnant-gagnant !<\/h3>\t\t\t\t<\/div>\n\t\t\t\t<\/div>\n\t\t\t\t<div class=\"elementor-element elementor-element-269fad4 elementor-widget elementor-widget-button\" data-id=\"269fad4\" data-element_type=\"widget\" data-e-type=\"widget\" data-widget_type=\"button.default\">\n\t\t\t\t<div class=\"elementor-widget-container\">\n\t\t\t\t\t\t\t\t\t<div class=\"elementor-button-wrapper\">\n\t\t\t\t\t<a class=\"elementor-button elementor-button-link elementor-size-sm\" href=\"#elementor-action%3Aaction%3Dpopup%3Aopen%26settings%3DeyJpZCI6IjEwMTMyIiwidG9nZ2xlIjpmYWxzZX0%3D\">\n\t\t\t\t\t\t<span class=\"elementor-button-content-wrapper\">\n\t\t\t\t\t\t\t\t\t<span class=\"elementor-button-text\"> ENVOYEZ-NOUS VOTRE DEMANDE AUJOURD'HUI <\/span>\n\t\t\t\t\t<\/span>\n\t\t\t\t\t<\/a>\n\t\t\t\t<\/div>\n\t\t\t\t\t\t\t\t<\/div>\n\t\t\t\t<\/div>\n\t\t\t\t\t<\/div>\n\t\t\t\t<\/div>\n\t\t\t\t<\/div>","protected":false},"excerpt":{"rendered":"<p>Customizing Your Electric Bikes Ebikes are taking the world by storm. It\u2019s never been easier to allow people of all ages and fitness levels to enjoy bicycling. Dcced provides customized services for electric bikes, with a large number of styles for you to choose from. Get the best custom electric bikes made just for you [&hellip;]<\/p>\n","protected":false},"author":1,"featured_media":0,"parent":0,"menu_order":0,"comment_status":"closed","ping_status":"closed","template":"","meta":{"site-sidebar-layout":"no-sidebar","site-content-layout":"","ast-site-content-layout":"full-width-container","site-content-style":"default","site-sidebar-style":"default","ast-global-header-display":"","ast-banner-title-visibility":"","ast-main-header-display":"","ast-hfb-above-header-display":"","ast-hfb-below-header-display":"","ast-hfb-mobile-header-display":"","site-post-title":"disabled","ast-breadcrumbs-content":"","ast-featured-img":"disabled","footer-sml-layout":"","theme-transparent-header-meta":"default","adv-header-id-meta":"","stick-header-meta":"","header-above-stick-meta":"","header-main-stick-meta":"","header-below-stick-meta":"","astra-migrate-meta-layouts":"set","ast-page-background-enabled":"default","ast-page-background-meta":{"desktop":{"background-color":"var(--ast-global-color-4)","background-image":"","background-repeat":"repeat","background-position":"center center","background-size":"auto","background-attachment":"scroll","background-type":"","background-media":"","overlay-type":"","overlay-color":"","overlay-opacity":"","overlay-gradient":""},"tablet":{"background-color":"","background-image":"","background-repeat":"repeat","background-position":"center center","background-size":"auto","background-attachment":"scroll","background-type":"","background-media":"","overlay-type":"","overlay-color":"","overlay-opacity":"","overlay-gradient":""},"mobile":{"background-color":"","background-image":"","background-repeat":"repeat","background-position":"center center","background-size":"auto","background-attachment":"scroll","background-type":"","background-media":"","overlay-type":"","overlay-color":"","overlay-opacity":"","overlay-gradient":""}},"ast-content-background-meta":{"desktop":{"background-color":"var(--ast-global-color-5)","background-image":"","background-repeat":"repeat","background-position":"center center","background-size":"auto","background-attachment":"scroll","background-type":"","background-media":"","overlay-type":"","overlay-color":"","overlay-opacity":"","overlay-gradient":""},"tablet":{"background-color":"var(--ast-global-color-5)","background-image":"","background-repeat":"repeat","background-position":"center center","background-size":"auto","background-attachment":"scroll","background-type":"","background-media":"","overlay-type":"","overlay-color":"","overlay-opacity":"","overlay-gradient":""},"mobile":{"background-color":"var(--ast-global-color-5)","background-image":"","background-repeat":"repeat","background-position":"center center","background-size":"auto","background-attachment":"scroll","background-type":"","background-media":"","overlay-type":"","overlay-color":"","overlay-opacity":"","overlay-gradient":""}},"footnotes":""},"class_list":["post-18921","page","type-page","status-publish","hentry"],"yoast_head":"<!-- This site is optimized with the Yoast SEO Premium plugin v24.0 (Yoast SEO v26.3) - https:\/\/yoast.com\/wordpress\/plugins\/seo\/ -->\n<title>Custom Electric Bikes For Sale<\/title>\n<meta name=\"description\" content=\"Manufacturing electric vehicles with custom equipment. Custom vehicles suiting the most varied customer needs. Find more details about them!\" \/>\n<meta name=\"robots\" content=\"index, follow, max-snippet:-1, max-image-preview:large, max-video-preview:-1\" \/>\n<link rel=\"canonical\" href=\"https:\/\/dcpowerebikes.com\/fr\/customize\/\" \/>\n<meta property=\"og:locale\" content=\"fr_FR\" \/>\n<meta property=\"og:type\" content=\"article\" \/>\n<meta property=\"og:title\" content=\"Customize\" \/>\n<meta property=\"og:description\" content=\"Manufacturing electric vehicles with custom equipment. Custom vehicles suiting the most varied customer needs. Find more details about them!\" \/>\n<meta property=\"og:url\" content=\"https:\/\/dcpowerebikes.com\/fr\/customize\/\" \/>\n<meta property=\"og:site_name\" content=\"DCCED eBike\" \/>\n<meta property=\"article:modified_time\" content=\"2026-04-02T03:56:40+00:00\" \/>\n<meta property=\"og:image\" content=\"https:\/\/dcpowerebikes.com\/wp-content\/uploads\/2024\/12\/part2.jpg\" \/>\n\t<meta property=\"og:image:width\" content=\"900\" \/>\n\t<meta property=\"og:image:height\" content=\"500\" \/>\n\t<meta property=\"og:image:type\" content=\"image\/jpeg\" \/>\n<meta name=\"twitter:card\" content=\"summary_large_image\" \/>\n<meta name=\"twitter:label1\" content=\"Dur\u00e9e de lecture estim\u00e9e\" \/>\n\t<meta name=\"twitter:data1\" content=\"3 minutes\" \/>\n<script type=\"application\/ld+json\" class=\"yoast-schema-graph\">{\"@context\":\"https:\/\/schema.org\",\"@graph\":[{\"@type\":\"WebPage\",\"@id\":\"https:\/\/dcpowerebikes.com\/customize\/\",\"url\":\"https:\/\/dcpowerebikes.com\/customize\/\",\"name\":\"Custom Electric Bikes For Sale\",\"isPartOf\":{\"@id\":\"https:\/\/dcpowerebikes.com\/#website\"},\"primaryImageOfPage\":{\"@id\":\"https:\/\/dcpowerebikes.com\/customize\/#primaryimage\"},\"image\":{\"@id\":\"https:\/\/dcpowerebikes.com\/customize\/#primaryimage\"},\"thumbnailUrl\":\"https:\/\/dcpowerebikes.com\/wp-content\/uploads\/2024\/12\/part2.jpg\",\"datePublished\":\"2024-12-13T18:52:11+00:00\",\"dateModified\":\"2026-04-02T03:56:40+00:00\",\"description\":\"Manufacturing electric vehicles with custom equipment. Custom vehicles suiting the most varied customer needs. Find more details about them!\",\"breadcrumb\":{\"@id\":\"https:\/\/dcpowerebikes.com\/customize\/#breadcrumb\"},\"inLanguage\":\"fr-FR\",\"potentialAction\":[{\"@type\":\"ReadAction\",\"target\":[\"https:\/\/dcpowerebikes.com\/customize\/\"]}]},{\"@type\":\"ImageObject\",\"inLanguage\":\"fr-FR\",\"@id\":\"https:\/\/dcpowerebikes.com\/customize\/#primaryimage\",\"url\":\"https:\/\/dcpowerebikes.com\/wp-content\/uploads\/2024\/12\/part2.jpg\",\"contentUrl\":\"https:\/\/dcpowerebikes.com\/wp-content\/uploads\/2024\/12\/part2.jpg\"},{\"@type\":\"BreadcrumbList\",\"@id\":\"https:\/\/dcpowerebikes.com\/customize\/#breadcrumb\",\"itemListElement\":[{\"@type\":\"ListItem\",\"position\":1,\"name\":\"Home\",\"item\":\"https:\/\/dcpowerebikes.com\/\"},{\"@type\":\"ListItem\",\"position\":2,\"name\":\"Customize\"}]},{\"@type\":\"WebSite\",\"@id\":\"https:\/\/dcpowerebikes.com\/#website\",\"url\":\"https:\/\/dcpowerebikes.com\/\",\"name\":\"DCCED eBike\",\"description\":\"Every DCCED e-bike moves you forward - without leaving a trace behind.\",\"publisher\":{\"@id\":\"https:\/\/dcpowerebikes.com\/#organization\"},\"alternateName\":\"DCCED eBike\",\"potentialAction\":[{\"@type\":\"SearchAction\",\"target\":{\"@type\":\"EntryPoint\",\"urlTemplate\":\"https:\/\/dcpowerebikes.com\/?s={search_term_string}\"},\"query-input\":{\"@type\":\"PropertyValueSpecification\",\"valueRequired\":true,\"valueName\":\"search_term_string\"}}],\"inLanguage\":\"fr-FR\"},{\"@type\":\"Organization\",\"@id\":\"https:\/\/dcpowerebikes.com\/#organization\",\"name\":\"DCCED eBike\",\"alternateName\":\"Every DCCED e-bike moves you forward \u2014 without leaving a trace behind.\",\"url\":\"https:\/\/dcpowerebikes.com\/\",\"logo\":{\"@type\":\"ImageObject\",\"inLanguage\":\"fr-FR\",\"@id\":\"https:\/\/dcpowerebikes.com\/#\/schema\/logo\/image\/\",\"url\":\"https:\/\/dcpowerebikes.com\/wp-content\/uploads\/2024\/04\/logo-1-2048x683-1.png\",\"contentUrl\":\"https:\/\/dcpowerebikes.com\/wp-content\/uploads\/2024\/04\/logo-1-2048x683-1.png\",\"width\":2048,\"height\":683,\"caption\":\"DCCED eBike\"},\"image\":{\"@id\":\"https:\/\/dcpowerebikes.com\/#\/schema\/logo\/image\/\"}}]}<\/script>\n<!-- \/ Yoast SEO Premium plugin. -->","yoast_head_json":{"title":"Custom Electric Bikes For Sale","description":"Manufacturing electric vehicles with custom equipment. Custom vehicles suiting the most varied customer needs. Find more details about them!","robots":{"index":"index","follow":"follow","max-snippet":"max-snippet:-1","max-image-preview":"max-image-preview:large","max-video-preview":"max-video-preview:-1"},"canonical":"https:\/\/dcpowerebikes.com\/fr\/customize\/","og_locale":"fr_FR","og_type":"article","og_title":"Customize","og_description":"Manufacturing electric vehicles with custom equipment. Custom vehicles suiting the most varied customer needs. Find more details about them!","og_url":"https:\/\/dcpowerebikes.com\/fr\/customize\/","og_site_name":"DCCED eBike","article_modified_time":"2026-04-02T03:56:40+00:00","og_image":[{"width":900,"height":500,"url":"https:\/\/dcpowerebikes.com\/wp-content\/uploads\/2024\/12\/part2.jpg","type":"image\/jpeg"}],"twitter_card":"summary_large_image","twitter_misc":{"Dur\u00e9e de lecture estim\u00e9e":"3 minutes"},"schema":{"@context":"https:\/\/schema.org","@graph":[{"@type":"WebPage","@id":"https:\/\/dcpowerebikes.com\/customize\/","url":"https:\/\/dcpowerebikes.com\/customize\/","name":"Custom Electric Bikes For Sale","isPartOf":{"@id":"https:\/\/dcpowerebikes.com\/#website"},"primaryImageOfPage":{"@id":"https:\/\/dcpowerebikes.com\/customize\/#primaryimage"},"image":{"@id":"https:\/\/dcpowerebikes.com\/customize\/#primaryimage"},"thumbnailUrl":"https:\/\/dcpowerebikes.com\/wp-content\/uploads\/2024\/12\/part2.jpg","datePublished":"2024-12-13T18:52:11+00:00","dateModified":"2026-04-02T03:56:40+00:00","description":"Manufacturing electric vehicles with custom equipment. Custom vehicles suiting the most varied customer needs. Find more details about them!","breadcrumb":{"@id":"https:\/\/dcpowerebikes.com\/customize\/#breadcrumb"},"inLanguage":"fr-FR","potentialAction":[{"@type":"ReadAction","target":["https:\/\/dcpowerebikes.com\/customize\/"]}]},{"@type":"ImageObject","inLanguage":"fr-FR","@id":"https:\/\/dcpowerebikes.com\/customize\/#primaryimage","url":"https:\/\/dcpowerebikes.com\/wp-content\/uploads\/2024\/12\/part2.jpg","contentUrl":"https:\/\/dcpowerebikes.com\/wp-content\/uploads\/2024\/12\/part2.jpg"},{"@type":"BreadcrumbList","@id":"https:\/\/dcpowerebikes.com\/customize\/#breadcrumb","itemListElement":[{"@type":"ListItem","position":1,"name":"Home","item":"https:\/\/dcpowerebikes.com\/"},{"@type":"ListItem","position":2,"name":"Customize"}]},{"@type":"WebSite","@id":"https:\/\/dcpowerebikes.com\/#website","url":"https:\/\/dcpowerebikes.com\/","name":"DCCED eBike","description":"Every DCCED e-bike moves you forward - without leaving a trace behind.","publisher":{"@id":"https:\/\/dcpowerebikes.com\/#organization"},"alternateName":"DCCED eBike","potentialAction":[{"@type":"SearchAction","target":{"@type":"EntryPoint","urlTemplate":"https:\/\/dcpowerebikes.com\/?s={search_term_string}"},"query-input":{"@type":"PropertyValueSpecification","valueRequired":true,"valueName":"search_term_string"}}],"inLanguage":"fr-FR"},{"@type":"Organization","@id":"https:\/\/dcpowerebikes.com\/#organization","name":"DCCED eBike","alternateName":"Every DCCED e-bike moves you forward \u2014 without leaving a trace behind.","url":"https:\/\/dcpowerebikes.com\/","logo":{"@type":"ImageObject","inLanguage":"fr-FR","@id":"https:\/\/dcpowerebikes.com\/#\/schema\/logo\/image\/","url":"https:\/\/dcpowerebikes.com\/wp-content\/uploads\/2024\/04\/logo-1-2048x683-1.png","contentUrl":"https:\/\/dcpowerebikes.com\/wp-content\/uploads\/2024\/04\/logo-1-2048x683-1.png","width":2048,"height":683,"caption":"DCCED eBike"},"image":{"@id":"https:\/\/dcpowerebikes.com\/#\/schema\/logo\/image\/"}}]}},"_links":{"self":[{"href":"https:\/\/dcpowerebikes.com\/fr\/wp-json\/wp\/v2\/pages\/18921","targetHints":{"allow":["GET"]}}],"collection":[{"href":"https:\/\/dcpowerebikes.com\/fr\/wp-json\/wp\/v2\/pages"}],"about":[{"href":"https:\/\/dcpowerebikes.com\/fr\/wp-json\/wp\/v2\/types\/page"}],"author":[{"embeddable":true,"href":"https:\/\/dcpowerebikes.com\/fr\/wp-json\/wp\/v2\/users\/1"}],"replies":[{"embeddable":true,"href":"https:\/\/dcpowerebikes.com\/fr\/wp-json\/wp\/v2\/comments?post=18921"}],"version-history":[{"count":0,"href":"https:\/\/dcpowerebikes.com\/fr\/wp-json\/wp\/v2\/pages\/18921\/revisions"}],"wp:attachment":[{"href":"https:\/\/dcpowerebikes.com\/fr\/wp-json\/wp\/v2\/media?parent=18921"}],"curies":[{"name":"wp","href":"https:\/\/api.w.org\/{rel}","templated":true}]}}