{"id":18921,"date":"2024-12-14T02:52:11","date_gmt":"2024-12-13T18:52:11","guid":{"rendered":"https:\/\/dccedebike.yhzml.com\/?page_id=18921"},"modified":"2026-04-02T11:56:40","modified_gmt":"2026-04-02T03:56:40","slug":"customize","status":"publish","type":"page","link":"https:\/\/dcpowerebikes.com\/es\/customize\/","title":{"rendered":"Personalizar"},"content":{"rendered":"<div data-elementor-type=\"wp-page\" data-elementor-id=\"18921\" class=\"elementor elementor-18921\" data-elementor-post-type=\"page\">\n\t\t\t\t<div class=\"elementor-element elementor-element-74db2b1 e-flex e-con-boxed e-con e-parent\" data-id=\"74db2b1\" data-element_type=\"container\" data-e-type=\"container\" data-settings=\"{&quot;background_background&quot;:&quot;classic&quot;}\">\n\t\t\t\t\t<div class=\"e-con-inner\">\n\t\t\t\t<div class=\"elementor-element elementor-element-4eb24c9 elementor-widget elementor-widget-heading\" data-id=\"4eb24c9\" data-element_type=\"widget\" data-e-type=\"widget\" data-widget_type=\"heading.default\">\n\t\t\t\t<div class=\"elementor-widget-container\">\n\t\t\t\t\t<h2 class=\"elementor-heading-title elementor-size-default\">Personalizando tus bicicletas el\u00e9ctricas<\/h2>\t\t\t\t<\/div>\n\t\t\t\t<\/div>\n\t\t\t\t<div class=\"elementor-element elementor-element-f63eb69 elementor-widget elementor-widget-text-editor\" data-id=\"f63eb69\" data-element_type=\"widget\" data-e-type=\"widget\" data-widget_type=\"text-editor.default\">\n\t\t\t\t<div class=\"elementor-widget-container\">\n\t\t\t\t\t\t\t\t\t<p>Las bicicletas el\u00e9ctricas est\u00e1n conquistando el mundo. Nunca ha sido tan f\u00e1cil permitir que personas de todas las edades y niveles de condici\u00f3n f\u00edsica disfruten del ciclismo. Dcced ofrece servicios personalizados para bicicletas el\u00e9ctricas, con una gran variedad de estilos para elegir. \u00a1Consigue las mejores bicicletas el\u00e9ctricas personalizadas, hechas a tu medida, aqu\u00ed en Dcced!<\/p>\t\t\t\t\t\t\t\t<\/div>\n\t\t\t\t<\/div>\n\t\t\t\t<div class=\"elementor-element elementor-element-3d7c666 elementor-widget elementor-widget-button\" data-id=\"3d7c666\" data-element_type=\"widget\" data-e-type=\"widget\" data-widget_type=\"button.default\">\n\t\t\t\t<div class=\"elementor-widget-container\">\n\t\t\t\t\t\t\t\t\t<div class=\"elementor-button-wrapper\">\n\t\t\t\t\t<a class=\"elementor-button elementor-button-link elementor-size-sm\" href=\"#elementor-action%3Aaction%3Dpopup%3Aopen%26settings%3DeyJpZCI6IjU1OTIiLCJ0b2dnbGUiOmZhbHNlfQ%3D%3D\">\n\t\t\t\t\t\t<span class=\"elementor-button-content-wrapper\">\n\t\t\t\t\t\t\t\t\t<span class=\"elementor-button-text\">Personalizar ahora<\/span>\n\t\t\t\t\t<\/span>\n\t\t\t\t\t<\/a>\n\t\t\t\t<\/div>\n\t\t\t\t\t\t\t\t<\/div>\n\t\t\t\t<\/div>\n\t\t\t\t\t<\/div>\n\t\t\t\t<\/div>\n\t\t<div class=\"elementor-element elementor-element-4702ece e-flex e-con-boxed e-con e-parent\" data-id=\"4702ece\" data-element_type=\"container\" data-e-type=\"container\">\n\t\t\t\t\t<div class=\"e-con-inner\">\n\t\t<div class=\"elementor-element elementor-element-15be88a e-con-full e-flex e-con e-child\" data-id=\"15be88a\" data-element_type=\"container\" data-e-type=\"container\">\n\t\t\t\t<div class=\"elementor-element elementor-element-aa71e46 elementor-widget elementor-widget-image\" data-id=\"aa71e46\" data-element_type=\"widget\" data-e-type=\"widget\" data-widget_type=\"image.default\">\n\t\t\t\t<div class=\"elementor-widget-container\">\n\t\t\t\t\t\t\t\t\t\t\t\t\t\t\t<img fetchpriority=\"high\" decoding=\"async\" width=\"900\" height=\"500\" src=\"https:\/\/dcpowerebikes.com\/wp-content\/uploads\/2024\/12\/part2.jpg\" class=\"attachment-large size-large wp-image-19238\" alt=\"\" srcset=\"https:\/\/dcpowerebikes.com\/wp-content\/uploads\/2024\/12\/part2.jpg 900w, https:\/\/dcpowerebikes.com\/wp-content\/uploads\/2024\/12\/part2-300x167.jpg 300w, https:\/\/dcpowerebikes.com\/wp-content\/uploads\/2024\/12\/part2-768x427.jpg 768w\" sizes=\"(max-width: 900px) 100vw, 900px\" \/>\t\t\t\t\t\t\t\t\t\t\t\t\t\t\t<\/div>\n\t\t\t\t<\/div>\n\t\t\t\t<\/div>\n\t\t<div class=\"elementor-element elementor-element-5be0921 e-con-full e-flex e-con e-child\" data-id=\"5be0921\" data-element_type=\"container\" data-e-type=\"container\">\n\t\t\t\t<div class=\"elementor-element elementor-element-f911230 elementor-widget elementor-widget-heading\" data-id=\"f911230\" data-element_type=\"widget\" data-e-type=\"widget\" data-widget_type=\"heading.default\">\n\t\t\t\t<div class=\"elementor-widget-container\">\n\t\t\t\t\t<h2 class=\"elementor-heading-title elementor-size-default\">Personaliza tu viaje diario<\/h2>\t\t\t\t<\/div>\n\t\t\t\t<\/div>\n\t\t\t\t<div class=\"elementor-element elementor-element-1b0f25f elementor-widget elementor-widget-text-editor\" data-id=\"1b0f25f\" data-element_type=\"widget\" data-e-type=\"widget\" data-widget_type=\"text-editor.default\">\n\t\t\t\t<div class=\"elementor-widget-container\">\n\t\t\t\t\t\t\t\t\t<p>Bienvenido a la Colecci\u00f3n de Bicicletas El\u00e9ctricas Personalizadas de Dcced. \u00bfListo para llevar tu experiencia de ciclismo al siguiente nivel? En Dcced, nos enorgullecemos de ofrecer una selecci\u00f3n \u00fanica y diversa de bicicletas el\u00e9ctricas personalizadas que satisfacen todas tus necesidades. Tanto si eres un ciclista experimentado como si te est\u00e1s iniciando en el mundo de las bicicletas el\u00e9ctricas, nuestras bicicletas el\u00e9ctricas personalizadas est\u00e1n dise\u00f1adas para ofrecerte un rendimiento, estilo y comodidad inigualables.<\/p>\t\t\t\t\t\t\t\t<\/div>\n\t\t\t\t<\/div>\n\t\t\t\t<\/div>\n\t\t\t\t\t<\/div>\n\t\t\t\t<\/div>\n\t\t<div class=\"elementor-element elementor-element-4470077 e-flex e-con-boxed e-con e-parent\" data-id=\"4470077\" data-element_type=\"container\" data-e-type=\"container\">\n\t\t\t\t\t<div class=\"e-con-inner\">\n\t\t<div class=\"elementor-element elementor-element-ba510f3 e-con-full e-flex e-con e-child\" data-id=\"ba510f3\" data-element_type=\"container\" data-e-type=\"container\">\n\t\t\t\t<div class=\"elementor-element elementor-element-23a27a4 elementor-widget elementor-widget-heading\" data-id=\"23a27a4\" data-element_type=\"widget\" data-e-type=\"widget\" data-widget_type=\"heading.default\">\n\t\t\t\t<div class=\"elementor-widget-container\">\n\t\t\t\t\t<h2 class=\"elementor-heading-title elementor-size-default\">Servicio personalizado de bicicletas el\u00e9ctricas Dcced<\/h2>\t\t\t\t<\/div>\n\t\t\t\t<\/div>\n\t\t\t\t<div class=\"elementor-element elementor-element-c846fc9 elementor-widget elementor-widget-text-editor\" data-id=\"c846fc9\" data-element_type=\"widget\" data-e-type=\"widget\" data-widget_type=\"text-editor.default\">\n\t\t\t\t<div class=\"elementor-widget-container\">\n\t\t\t\t\t\t\t\t\t<ul><li>La capacidad de la bater\u00eda se puede personalizar con diferentes celdas.<\/li><li>La potencia del motor se puede personalizar seg\u00fan los requisitos de seguridad, resistencia y potencia.<\/li><li>La pantalla se puede personalizar con LED, LCD y modos coloridos.<\/li><li>Los neum\u00e1ticos se pueden personalizar con diferentes marcas, anchos y colores.<\/li><li>Sill\u00edn, pedales y pu\u00f1os se pueden personalizar con diferentes tipos, marcas y colores.<\/li><li>El faro se puede personalizar con potencia y estilo de iluminaci\u00f3n.<\/li><li>Cualquier cosa que quieras personalizar, no dudes en contactarnos.<\/li><\/ul>\t\t\t\t\t\t\t\t<\/div>\n\t\t\t\t<\/div>\n\t\t\t\t<\/div>\n\t\t<div class=\"elementor-element elementor-element-937bd0d e-con-full e-flex e-con e-child\" data-id=\"937bd0d\" data-element_type=\"container\" data-e-type=\"container\">\n\t\t\t\t<div class=\"elementor-element elementor-element-aed90c1 elementor-widget elementor-widget-image\" data-id=\"aed90c1\" data-element_type=\"widget\" data-e-type=\"widget\" data-widget_type=\"image.default\">\n\t\t\t\t<div class=\"elementor-widget-container\">\n\t\t\t\t\t\t\t\t\t\t\t\t\t\t\t<img decoding=\"async\" width=\"767\" height=\"327\" src=\"https:\/\/dcpowerebikes.com\/wp-content\/uploads\/2024\/12\/part3.png\" class=\"attachment-large size-large wp-image-20782\" alt=\"\" srcset=\"https:\/\/dcpowerebikes.com\/wp-content\/uploads\/2024\/12\/part3.png 767w, https:\/\/dcpowerebikes.com\/wp-content\/uploads\/2024\/12\/part3-300x128.png 300w\" sizes=\"(max-width: 767px) 100vw, 767px\" \/>\t\t\t\t\t\t\t\t\t\t\t\t\t\t\t<\/div>\n\t\t\t\t<\/div>\n\t\t\t\t<\/div>\n\t\t\t\t\t<\/div>\n\t\t\t\t<\/div>\n\t\t<div class=\"elementor-element elementor-element-a5c4f55 e-flex e-con-boxed e-con e-parent\" data-id=\"a5c4f55\" data-element_type=\"container\" data-e-type=\"container\">\n\t\t\t\t\t<div class=\"e-con-inner\">\n\t\t<div class=\"elementor-element elementor-element-17142bf e-con-full e-flex e-con e-child\" data-id=\"17142bf\" data-element_type=\"container\" data-e-type=\"container\">\n\t\t<div class=\"elementor-element elementor-element-f7bcadb e-con-full e-flex e-con e-child\" data-id=\"f7bcadb\" data-element_type=\"container\" data-e-type=\"container\">\n\t\t\t\t<div class=\"elementor-element elementor-element-95c0688 elementor-position-left elementor-vertical-align-top elementor-widget elementor-widget-image-box\" data-id=\"95c0688\" data-element_type=\"widget\" data-e-type=\"widget\" data-widget_type=\"image-box.default\">\n\t\t\t\t<div class=\"elementor-widget-container\">\n\t\t\t\t\t<div class=\"elementor-image-box-wrapper\"><figure class=\"elementor-image-box-img\"><img decoding=\"async\" width=\"35\" height=\"35\" src=\"https:\/\/dcpowerebikes.com\/wp-content\/uploads\/2024\/12\/Quality.png\" class=\"attachment-full size-full wp-image-20786\" alt=\"\" \/><\/figure><div class=\"elementor-image-box-content\"><h3 class=\"elementor-image-box-title\">Calidad<\/h3><p class=\"elementor-image-box-description\">Sistema de gesti\u00f3n de calidad completo y profesional.<\/p><\/div><\/div>\t\t\t\t<\/div>\n\t\t\t\t<\/div>\n\t\t\t\t<\/div>\n\t\t<div class=\"elementor-element elementor-element-d1a2807 e-con-full e-flex e-con e-child\" data-id=\"d1a2807\" data-element_type=\"container\" data-e-type=\"container\">\n\t\t\t\t<div class=\"elementor-element elementor-element-f1bec8f elementor-position-left elementor-vertical-align-top elementor-widget elementor-widget-image-box\" data-id=\"f1bec8f\" data-element_type=\"widget\" data-e-type=\"widget\" data-widget_type=\"image-box.default\">\n\t\t\t\t<div class=\"elementor-widget-container\">\n\t\t\t\t\t<div class=\"elementor-image-box-wrapper\"><figure class=\"elementor-image-box-img\"><img loading=\"lazy\" decoding=\"async\" width=\"35\" height=\"35\" src=\"https:\/\/dcpowerebikes.com\/wp-content\/uploads\/2024\/12\/Service.png\" class=\"attachment-full size-full wp-image-20788\" alt=\"\" \/><\/figure><div class=\"elementor-image-box-content\"><h3 class=\"elementor-image-box-title\">Servicio<\/h3><p class=\"elementor-image-box-description\">Complete el procesamiento, la fabricaci\u00f3n y el env\u00edo del producto lo m\u00e1s r\u00e1pido posible.<\/p><\/div><\/div>\t\t\t\t<\/div>\n\t\t\t\t<\/div>\n\t\t\t\t<\/div>\n\t\t<div class=\"elementor-element elementor-element-78daef3 e-con-full e-flex e-con e-child\" data-id=\"78daef3\" data-element_type=\"container\" data-e-type=\"container\">\n\t\t\t\t<div class=\"elementor-element elementor-element-1db206a elementor-position-left elementor-vertical-align-top elementor-widget elementor-widget-image-box\" data-id=\"1db206a\" data-element_type=\"widget\" data-e-type=\"widget\" data-widget_type=\"image-box.default\">\n\t\t\t\t<div class=\"elementor-widget-container\">\n\t\t\t\t\t<div class=\"elementor-image-box-wrapper\"><figure class=\"elementor-image-box-img\"><img loading=\"lazy\" decoding=\"async\" width=\"35\" height=\"35\" src=\"https:\/\/dcpowerebikes.com\/wp-content\/uploads\/2024\/12\/Price.png\" class=\"attachment-full size-full wp-image-20787\" alt=\"\" \/><\/figure><div class=\"elementor-image-box-content\"><h3 class=\"elementor-image-box-title\"> Precio<\/h3><p class=\"elementor-image-box-description\">Precios m\u00e1s favorables que los compa\u00f1eros.<\/p><\/div><\/div>\t\t\t\t<\/div>\n\t\t\t\t<\/div>\n\t\t\t\t<\/div>\n\t\t\t\t<\/div>\n\t\t<div class=\"elementor-element elementor-element-76adb78 e-con-full e-flex e-con e-child\" data-id=\"76adb78\" data-element_type=\"container\" data-e-type=\"container\">\n\t\t\t\t<div class=\"elementor-element elementor-element-72e771d elementor-widget elementor-widget-heading\" data-id=\"72e771d\" data-element_type=\"widget\" data-e-type=\"widget\" data-widget_type=\"heading.default\">\n\t\t\t\t<div class=\"elementor-widget-container\">\n\t\t\t\t\t<h2 class=\"elementor-heading-title elementor-size-default\">Nuestras ventajas<\/h2>\t\t\t\t<\/div>\n\t\t\t\t<\/div>\n\t\t\t\t<div class=\"elementor-element elementor-element-77aec31 elementor-widget elementor-widget-text-editor\" data-id=\"77aec31\" data-element_type=\"widget\" data-e-type=\"widget\" data-widget_type=\"text-editor.default\">\n\t\t\t\t<div class=\"elementor-widget-container\">\n\t\t\t\t\t\t\t\t\t<p>Dcced ebikes se adhiere a la filosof\u00eda corporativa de \"Calidad ante todo, servicio de primera\", ofreciendo un servicio personalizado y muestras para pruebas. Nuestros productos cumplen con las certificaciones UL y CE, entre otras. Contamos con las \u00faltimas novedades y los productos m\u00e1s novedosos del mercado. Podemos recomendarle la bicicleta el\u00e9ctrica adecuada seg\u00fan sus necesidades.<\/p>\t\t\t\t\t\t\t\t<\/div>\n\t\t\t\t<\/div>\n\t\t\t\t<\/div>\n\t\t\t\t\t<\/div>\n\t\t\t\t<\/div>\n\t\t<div class=\"elementor-element elementor-element-232d6e1 e-flex e-con-boxed e-con e-parent\" data-id=\"232d6e1\" data-element_type=\"container\" data-e-type=\"container\" data-settings=\"{&quot;background_background&quot;:&quot;classic&quot;}\">\n\t\t\t\t\t<div class=\"e-con-inner\">\n\t\t\t\t<div class=\"elementor-element elementor-element-a79bf51 elementor-widget elementor-widget-heading\" data-id=\"a79bf51\" data-element_type=\"widget\" data-e-type=\"widget\" data-widget_type=\"heading.default\">\n\t\t\t\t<div class=\"elementor-widget-container\">\n\t\t\t\t\t<h3 class=\"elementor-heading-title elementor-size-default\">Le invitamos a enviarnos su consulta y \u00a1hagamos juntos un negocio beneficioso para todos!<\/h3>\t\t\t\t<\/div>\n\t\t\t\t<\/div>\n\t\t\t\t<div class=\"elementor-element elementor-element-269fad4 elementor-widget elementor-widget-button\" data-id=\"269fad4\" data-element_type=\"widget\" data-e-type=\"widget\" data-widget_type=\"button.default\">\n\t\t\t\t<div class=\"elementor-widget-container\">\n\t\t\t\t\t\t\t\t\t<div class=\"elementor-button-wrapper\">\n\t\t\t\t\t<a class=\"elementor-button elementor-button-link elementor-size-sm\" href=\"#elementor-action%3Aaction%3Dpopup%3Aopen%26settings%3DeyJpZCI6IjEwMTMyIiwidG9nZ2xlIjpmYWxzZX0%3D\">\n\t\t\t\t\t\t<span class=\"elementor-button-content-wrapper\">\n\t\t\t\t\t\t\t\t\t<span class=\"elementor-button-text\"> ENV\u00cdENOS SU CONSULTA HOY <\/span>\n\t\t\t\t\t<\/span>\n\t\t\t\t\t<\/a>\n\t\t\t\t<\/div>\n\t\t\t\t\t\t\t\t<\/div>\n\t\t\t\t<\/div>\n\t\t\t\t\t<\/div>\n\t\t\t\t<\/div>\n\t\t\t\t<\/div>","protected":false},"excerpt":{"rendered":"<p>Customizing Your Electric Bikes Ebikes are taking the world by storm. It\u2019s never been easier to allow people of all ages and fitness levels to enjoy bicycling. Dcced provides customized services for electric bikes, with a large number of styles for you to choose from. Get the best custom electric bikes made just for you [&hellip;]<\/p>\n","protected":false},"author":1,"featured_media":0,"parent":0,"menu_order":0,"comment_status":"closed","ping_status":"closed","template":"","meta":{"site-sidebar-layout":"no-sidebar","site-content-layout":"","ast-site-content-layout":"full-width-container","site-content-style":"default","site-sidebar-style":"default","ast-global-header-display":"","ast-banner-title-visibility":"","ast-main-header-display":"","ast-hfb-above-header-display":"","ast-hfb-below-header-display":"","ast-hfb-mobile-header-display":"","site-post-title":"disabled","ast-breadcrumbs-content":"","ast-featured-img":"disabled","footer-sml-layout":"","theme-transparent-header-meta":"default","adv-header-id-meta":"","stick-header-meta":"","header-above-stick-meta":"","header-main-stick-meta":"","header-below-stick-meta":"","astra-migrate-meta-layouts":"set","ast-page-background-enabled":"default","ast-page-background-meta":{"desktop":{"background-color":"var(--ast-global-color-4)","background-image":"","background-repeat":"repeat","background-position":"center center","background-size":"auto","background-attachment":"scroll","background-type":"","background-media":"","overlay-type":"","overlay-color":"","overlay-opacity":"","overlay-gradient":""},"tablet":{"background-color":"","background-image":"","background-repeat":"repeat","background-position":"center center","background-size":"auto","background-attachment":"scroll","background-type":"","background-media":"","overlay-type":"","overlay-color":"","overlay-opacity":"","overlay-gradient":""},"mobile":{"background-color":"","background-image":"","background-repeat":"repeat","background-position":"center center","background-size":"auto","background-attachment":"scroll","background-type":"","background-media":"","overlay-type":"","overlay-color":"","overlay-opacity":"","overlay-gradient":""}},"ast-content-background-meta":{"desktop":{"background-color":"var(--ast-global-color-5)","background-image":"","background-repeat":"repeat","background-position":"center center","background-size":"auto","background-attachment":"scroll","background-type":"","background-media":"","overlay-type":"","overlay-color":"","overlay-opacity":"","overlay-gradient":""},"tablet":{"background-color":"var(--ast-global-color-5)","background-image":"","background-repeat":"repeat","background-position":"center center","background-size":"auto","background-attachment":"scroll","background-type":"","background-media":"","overlay-type":"","overlay-color":"","overlay-opacity":"","overlay-gradient":""},"mobile":{"background-color":"var(--ast-global-color-5)","background-image":"","background-repeat":"repeat","background-position":"center center","background-size":"auto","background-attachment":"scroll","background-type":"","background-media":"","overlay-type":"","overlay-color":"","overlay-opacity":"","overlay-gradient":""}},"footnotes":""},"class_list":["post-18921","page","type-page","status-publish","hentry"],"yoast_head":"<!-- This site is optimized with the Yoast SEO Premium plugin v24.0 (Yoast SEO v26.3) - https:\/\/yoast.com\/wordpress\/plugins\/seo\/ -->\n<title>Custom Electric Bikes For Sale<\/title>\n<meta name=\"description\" content=\"Manufacturing electric vehicles with custom equipment. Custom vehicles suiting the most varied customer needs. Find more details about them!\" \/>\n<meta name=\"robots\" content=\"index, follow, max-snippet:-1, max-image-preview:large, max-video-preview:-1\" \/>\n<link rel=\"canonical\" href=\"https:\/\/dcpowerebikes.com\/es\/customize\/\" \/>\n<meta property=\"og:locale\" content=\"es_ES\" \/>\n<meta property=\"og:type\" content=\"article\" \/>\n<meta property=\"og:title\" content=\"Customize\" \/>\n<meta property=\"og:description\" content=\"Manufacturing electric vehicles with custom equipment. Custom vehicles suiting the most varied customer needs. Find more details about them!\" \/>\n<meta property=\"og:url\" content=\"https:\/\/dcpowerebikes.com\/es\/customize\/\" \/>\n<meta property=\"og:site_name\" content=\"DCCED eBike\" \/>\n<meta property=\"article:modified_time\" content=\"2026-04-02T03:56:40+00:00\" \/>\n<meta property=\"og:image\" content=\"https:\/\/dcpowerebikes.com\/wp-content\/uploads\/2024\/12\/part2.jpg\" \/>\n\t<meta property=\"og:image:width\" content=\"900\" \/>\n\t<meta property=\"og:image:height\" content=\"500\" \/>\n\t<meta property=\"og:image:type\" content=\"image\/jpeg\" \/>\n<meta name=\"twitter:card\" content=\"summary_large_image\" \/>\n<meta name=\"twitter:label1\" content=\"Tiempo de lectura\" \/>\n\t<meta name=\"twitter:data1\" content=\"3 minutos\" \/>\n<script type=\"application\/ld+json\" class=\"yoast-schema-graph\">{\"@context\":\"https:\/\/schema.org\",\"@graph\":[{\"@type\":\"WebPage\",\"@id\":\"https:\/\/dcpowerebikes.com\/customize\/\",\"url\":\"https:\/\/dcpowerebikes.com\/customize\/\",\"name\":\"Custom Electric Bikes For Sale\",\"isPartOf\":{\"@id\":\"https:\/\/dcpowerebikes.com\/#website\"},\"primaryImageOfPage\":{\"@id\":\"https:\/\/dcpowerebikes.com\/customize\/#primaryimage\"},\"image\":{\"@id\":\"https:\/\/dcpowerebikes.com\/customize\/#primaryimage\"},\"thumbnailUrl\":\"https:\/\/dcpowerebikes.com\/wp-content\/uploads\/2024\/12\/part2.jpg\",\"datePublished\":\"2024-12-13T18:52:11+00:00\",\"dateModified\":\"2026-04-02T03:56:40+00:00\",\"description\":\"Manufacturing electric vehicles with custom equipment. Custom vehicles suiting the most varied customer needs. Find more details about them!\",\"breadcrumb\":{\"@id\":\"https:\/\/dcpowerebikes.com\/customize\/#breadcrumb\"},\"inLanguage\":\"es\",\"potentialAction\":[{\"@type\":\"ReadAction\",\"target\":[\"https:\/\/dcpowerebikes.com\/customize\/\"]}]},{\"@type\":\"ImageObject\",\"inLanguage\":\"es\",\"@id\":\"https:\/\/dcpowerebikes.com\/customize\/#primaryimage\",\"url\":\"https:\/\/dcpowerebikes.com\/wp-content\/uploads\/2024\/12\/part2.jpg\",\"contentUrl\":\"https:\/\/dcpowerebikes.com\/wp-content\/uploads\/2024\/12\/part2.jpg\"},{\"@type\":\"BreadcrumbList\",\"@id\":\"https:\/\/dcpowerebikes.com\/customize\/#breadcrumb\",\"itemListElement\":[{\"@type\":\"ListItem\",\"position\":1,\"name\":\"Home\",\"item\":\"https:\/\/dcpowerebikes.com\/\"},{\"@type\":\"ListItem\",\"position\":2,\"name\":\"Customize\"}]},{\"@type\":\"WebSite\",\"@id\":\"https:\/\/dcpowerebikes.com\/#website\",\"url\":\"https:\/\/dcpowerebikes.com\/\",\"name\":\"DCCED eBike\",\"description\":\"Every DCCED e-bike moves you forward - without leaving a trace behind.\",\"publisher\":{\"@id\":\"https:\/\/dcpowerebikes.com\/#organization\"},\"alternateName\":\"DCCED eBike\",\"potentialAction\":[{\"@type\":\"SearchAction\",\"target\":{\"@type\":\"EntryPoint\",\"urlTemplate\":\"https:\/\/dcpowerebikes.com\/?s={search_term_string}\"},\"query-input\":{\"@type\":\"PropertyValueSpecification\",\"valueRequired\":true,\"valueName\":\"search_term_string\"}}],\"inLanguage\":\"es\"},{\"@type\":\"Organization\",\"@id\":\"https:\/\/dcpowerebikes.com\/#organization\",\"name\":\"DCCED eBike\",\"alternateName\":\"Every DCCED e-bike moves you forward \u2014 without leaving a trace behind.\",\"url\":\"https:\/\/dcpowerebikes.com\/\",\"logo\":{\"@type\":\"ImageObject\",\"inLanguage\":\"es\",\"@id\":\"https:\/\/dcpowerebikes.com\/#\/schema\/logo\/image\/\",\"url\":\"https:\/\/dcpowerebikes.com\/wp-content\/uploads\/2024\/04\/logo-1-2048x683-1.png\",\"contentUrl\":\"https:\/\/dcpowerebikes.com\/wp-content\/uploads\/2024\/04\/logo-1-2048x683-1.png\",\"width\":2048,\"height\":683,\"caption\":\"DCCED eBike\"},\"image\":{\"@id\":\"https:\/\/dcpowerebikes.com\/#\/schema\/logo\/image\/\"}}]}<\/script>\n<!-- \/ Yoast SEO Premium plugin. -->","yoast_head_json":{"title":"Custom Electric Bikes For Sale","description":"Manufacturing electric vehicles with custom equipment. Custom vehicles suiting the most varied customer needs. Find more details about them!","robots":{"index":"index","follow":"follow","max-snippet":"max-snippet:-1","max-image-preview":"max-image-preview:large","max-video-preview":"max-video-preview:-1"},"canonical":"https:\/\/dcpowerebikes.com\/es\/customize\/","og_locale":"es_ES","og_type":"article","og_title":"Customize","og_description":"Manufacturing electric vehicles with custom equipment. Custom vehicles suiting the most varied customer needs. Find more details about them!","og_url":"https:\/\/dcpowerebikes.com\/es\/customize\/","og_site_name":"DCCED eBike","article_modified_time":"2026-04-02T03:56:40+00:00","og_image":[{"width":900,"height":500,"url":"https:\/\/dcpowerebikes.com\/wp-content\/uploads\/2024\/12\/part2.jpg","type":"image\/jpeg"}],"twitter_card":"summary_large_image","twitter_misc":{"Tiempo de lectura":"3 minutos"},"schema":{"@context":"https:\/\/schema.org","@graph":[{"@type":"WebPage","@id":"https:\/\/dcpowerebikes.com\/customize\/","url":"https:\/\/dcpowerebikes.com\/customize\/","name":"Custom Electric Bikes For Sale","isPartOf":{"@id":"https:\/\/dcpowerebikes.com\/#website"},"primaryImageOfPage":{"@id":"https:\/\/dcpowerebikes.com\/customize\/#primaryimage"},"image":{"@id":"https:\/\/dcpowerebikes.com\/customize\/#primaryimage"},"thumbnailUrl":"https:\/\/dcpowerebikes.com\/wp-content\/uploads\/2024\/12\/part2.jpg","datePublished":"2024-12-13T18:52:11+00:00","dateModified":"2026-04-02T03:56:40+00:00","description":"Manufacturing electric vehicles with custom equipment. Custom vehicles suiting the most varied customer needs. Find more details about them!","breadcrumb":{"@id":"https:\/\/dcpowerebikes.com\/customize\/#breadcrumb"},"inLanguage":"es","potentialAction":[{"@type":"ReadAction","target":["https:\/\/dcpowerebikes.com\/customize\/"]}]},{"@type":"ImageObject","inLanguage":"es","@id":"https:\/\/dcpowerebikes.com\/customize\/#primaryimage","url":"https:\/\/dcpowerebikes.com\/wp-content\/uploads\/2024\/12\/part2.jpg","contentUrl":"https:\/\/dcpowerebikes.com\/wp-content\/uploads\/2024\/12\/part2.jpg"},{"@type":"BreadcrumbList","@id":"https:\/\/dcpowerebikes.com\/customize\/#breadcrumb","itemListElement":[{"@type":"ListItem","position":1,"name":"Home","item":"https:\/\/dcpowerebikes.com\/"},{"@type":"ListItem","position":2,"name":"Customize"}]},{"@type":"WebSite","@id":"https:\/\/dcpowerebikes.com\/#website","url":"https:\/\/dcpowerebikes.com\/","name":"DCCED eBike","description":"Every DCCED e-bike moves you forward - without leaving a trace behind.","publisher":{"@id":"https:\/\/dcpowerebikes.com\/#organization"},"alternateName":"DCCED eBike","potentialAction":[{"@type":"SearchAction","target":{"@type":"EntryPoint","urlTemplate":"https:\/\/dcpowerebikes.com\/?s={search_term_string}"},"query-input":{"@type":"PropertyValueSpecification","valueRequired":true,"valueName":"search_term_string"}}],"inLanguage":"es"},{"@type":"Organization","@id":"https:\/\/dcpowerebikes.com\/#organization","name":"DCCED eBike","alternateName":"Every DCCED e-bike moves you forward \u2014 without leaving a trace behind.","url":"https:\/\/dcpowerebikes.com\/","logo":{"@type":"ImageObject","inLanguage":"es","@id":"https:\/\/dcpowerebikes.com\/#\/schema\/logo\/image\/","url":"https:\/\/dcpowerebikes.com\/wp-content\/uploads\/2024\/04\/logo-1-2048x683-1.png","contentUrl":"https:\/\/dcpowerebikes.com\/wp-content\/uploads\/2024\/04\/logo-1-2048x683-1.png","width":2048,"height":683,"caption":"DCCED eBike"},"image":{"@id":"https:\/\/dcpowerebikes.com\/#\/schema\/logo\/image\/"}}]}},"_links":{"self":[{"href":"https:\/\/dcpowerebikes.com\/es\/wp-json\/wp\/v2\/pages\/18921","targetHints":{"allow":["GET"]}}],"collection":[{"href":"https:\/\/dcpowerebikes.com\/es\/wp-json\/wp\/v2\/pages"}],"about":[{"href":"https:\/\/dcpowerebikes.com\/es\/wp-json\/wp\/v2\/types\/page"}],"author":[{"embeddable":true,"href":"https:\/\/dcpowerebikes.com\/es\/wp-json\/wp\/v2\/users\/1"}],"replies":[{"embeddable":true,"href":"https:\/\/dcpowerebikes.com\/es\/wp-json\/wp\/v2\/comments?post=18921"}],"version-history":[{"count":0,"href":"https:\/\/dcpowerebikes.com\/es\/wp-json\/wp\/v2\/pages\/18921\/revisions"}],"wp:attachment":[{"href":"https:\/\/dcpowerebikes.com\/es\/wp-json\/wp\/v2\/media?parent=18921"}],"curies":[{"name":"wp","href":"https:\/\/api.w.org\/{rel}","templated":true}]}}